{"id":116,"date":"2026-03-26T09:59:51","date_gmt":"2026-03-26T09:59:51","guid":{"rendered":"http:\/\/elfiexertier.com\/?page_id=116"},"modified":"2026-04-07T16:49:57","modified_gmt":"2026-04-07T16:49:57","slug":"banquet","status":"publish","type":"page","link":"http:\/\/elfiexertier.com\/index.php\/banquet\/","title":{"rendered":"banquet"},"content":{"rendered":"\n<div class=\"wp-block-cover alignfull is-light has-custom-content-position is-position-bottom-center\" style=\"margin-top:0;margin-bottom:0;padding-top:var(--wp--preset--spacing--50);padding-right:var(--wp--preset--spacing--50);padding-bottom:var(--wp--preset--spacing--50);padding-left:var(--wp--preset--spacing--50);min-height:840px;aspect-ratio:unset;\"><img loading=\"lazy\" decoding=\"async\" width=\"1024\" height=\"683\" class=\"wp-block-cover__image-background wp-image-167 size-large\" alt=\"\" src=\"http:\/\/elfiexertier.com\/wp-content\/uploads\/2026\/03\/r-IMG_6698-1024x683.jpg\" data-object-fit=\"cover\" srcset=\"http:\/\/elfiexertier.com\/wp-content\/uploads\/2026\/03\/r-IMG_6698-1024x683.jpg 1024w, http:\/\/elfiexertier.com\/wp-content\/uploads\/2026\/03\/r-IMG_6698-300x200.jpg 300w, http:\/\/elfiexertier.com\/wp-content\/uploads\/2026\/03\/r-IMG_6698-768x512.jpg 768w, http:\/\/elfiexertier.com\/wp-content\/uploads\/2026\/03\/r-IMG_6698-1536x1024.jpg 1536w, http:\/\/elfiexertier.com\/wp-content\/uploads\/2026\/03\/r-IMG_6698-2048x1365.jpg 2048w\" sizes=\"auto, (max-width: 1024px) 100vw, 1024px\" \/><span aria-hidden=\"true\" class=\"wp-block-cover__background has-background-dim-10 has-background-dim\" style=\"background-color:#a2998e\"><\/span><div class=\"wp-block-cover__inner-container has-global-padding is-layout-constrained wp-container-core-cover-is-layout-d89aad35 wp-block-cover-is-layout-constrained\">\n<div class=\"wp-block-group alignwide has-global-padding is-content-justification-left is-layout-constrained wp-container-core-group-is-layout-12dd3699 wp-block-group-is-layout-constrained\">\n<h2 class=\"wp-block-heading has-text-align-left has-xx-large-font-size\"><\/h2>\n<\/div>\n<\/div><\/div>\n\n\n\n<div class=\"wp-block-group alignfull is-style-section-5 has-global-padding is-layout-constrained wp-block-group-is-layout-constrained is-style-section-5--1\" style=\"margin-top:0;margin-bottom:0;padding-top:var(--wp--preset--spacing--50);padding-bottom:var(--wp--preset--spacing--50)\">\n<div class=\"wp-block-columns alignwide is-layout-flex wp-container-core-columns-is-layout-7ee84d44 wp-block-columns-is-layout-flex\">\n<div class=\"wp-block-column is-vertically-aligned-center is-layout-flow wp-block-column-is-layout-flow\" style=\"flex-basis:50%\">\n<h2 class=\"wp-block-heading\"><br>Le banquet &amp; r\u00e9-activation<\/h2>\n\n\n\n<p>Vues d&rsquo;exposition ch\u00e2teau d&rsquo;Alba la Romaine 2017 &amp; 2023<\/p>\n\n\n\n<p class=\"has-medium-font-size\">En effet, dans son processus pour entrer en contact avec les personnes souffrant d\u2019Alzheimer, Elfi Exertier avait fait des recherches sur des m\u00e9thodes de communications notamment par la gestuelle et les cinq sens. Ainsi, l\u2019installation pr\u00e9sent\u00e9e \u00e0 Alba \u00e9tait in\u00e9dite mais comportait n\u00e9anmoins des ant\u00e9c\u00e9dents, l\u2019artiste ayant r\u00e9alis\u00e9 avec ces personnes des \u00ab prototypes \u00bb d\u2019Objets cach\u00e9s dont des couverts tels qu\u2019elle en a reproduits pour former le banquet dress\u00e9 au ch\u00e2teau. Concernant le d\u00e9veloppement formel de ces Objets cach\u00e9s, les objets sont plac\u00e9s dans le tissu, \u00ab comme dans une housse \u00bb et l\u2019artiste coud par-dessus. Elfi Exertier qualifie sa pratique de l\u2019ordre de \u00ab l\u2019empreinte \u00bb plus que de celle du \u00ab moule \u00bb, l\u2019id\u00e9e de patron n\u2019\u00e9tant pas pr\u00e9sente. Par ailleurs, en revenant sur cette installation, elle m\u2019expliquait avoir fait r\u00e9f\u00e9rence aux rencontres de personnes atteintes d\u2019Alzheimer, organis\u00e9es autour d\u2019une grande table et auxquelles elle avait assist\u00e9es. Plus sp\u00e9cifiquement, le choix de la couleur grise pour le tissu utilis\u00e9 renvoyait au \u00ab silence \u00bb, celui de ces personnes ; le gris pouvant \u00e9galement \u00eatre consid\u00e9r\u00e9 comme une \u00ab non-couleur \u00bb se r\u00e9f\u00e9rant \u00e0 l\u2019absence. La dialectique \u00ab pr\u00e9sence\/absence \u00bb est tr\u00e8s forte dans son travail.<\/p>\n<\/div>\n\n\n\n<div class=\"wp-block-column is-vertically-aligned-center is-layout-flow wp-block-column-is-layout-flow\" style=\"flex-basis:50%\">\n<figure class=\"wp-block-image size-full\"><img loading=\"lazy\" decoding=\"async\" width=\"2560\" height=\"1708\" src=\"http:\/\/elfiexertier.com\/wp-content\/uploads\/2026\/03\/r-IMG_6294-scaled.jpg\" alt=\"\" class=\"wp-image-165\" style=\"aspect-ratio:1;object-fit:cover\" srcset=\"http:\/\/elfiexertier.com\/wp-content\/uploads\/2026\/03\/r-IMG_6294-scaled.jpg 2560w, http:\/\/elfiexertier.com\/wp-content\/uploads\/2026\/03\/r-IMG_6294-300x200.jpg 300w, http:\/\/elfiexertier.com\/wp-content\/uploads\/2026\/03\/r-IMG_6294-1024x683.jpg 1024w, http:\/\/elfiexertier.com\/wp-content\/uploads\/2026\/03\/r-IMG_6294-768x512.jpg 768w, http:\/\/elfiexertier.com\/wp-content\/uploads\/2026\/03\/r-IMG_6294-1536x1025.jpg 1536w, http:\/\/elfiexertier.com\/wp-content\/uploads\/2026\/03\/r-IMG_6294-2048x1366.jpg 2048w\" sizes=\"auto, (max-width: 2560px) 100vw, 2560px\" \/><\/figure>\n<\/div>\n<\/div>\n<\/div>\n\n\n\n<div class=\"wp-block-group alignfull has-global-padding is-layout-constrained wp-block-group-is-layout-constrained\" style=\"margin-top:0;margin-bottom:0\">\n<div class=\"wp-block-group alignwide is-layout-grid wp-container-core-group-is-layout-5fdb10e5 wp-block-group-is-layout-grid\" style=\"padding-top:var(--wp--preset--spacing--50);padding-bottom:var(--wp--preset--spacing--50)\">\n<div class=\"wp-block-group is-vertical is-content-justification-stretch is-nowrap is-layout-flex wp-container-core-group-is-layout-627337ab wp-block-group-is-layout-flex\">\n<div class=\"wp-block-group is-vertical is-content-justification-left is-layout-flex wp-container-core-group-is-layout-dd225191 wp-block-group-is-layout-flex\">\n<p><\/p>\n\n\n\n<pre class=\"wp-block-code is-style-default\"><code>De fait, c\u2019est un \u00ab banquet fant\u00f4me \u00bb qu\u2019elle a donn\u00e9 \u00e0 voir \u00e0 Alba, impression accentu\u00e9e par le fait que l\u2019artiste avait retir\u00e9 les chaises \u2013 pliantes qu\u2019elle avait apport\u00e9es \u2013 en les disposant dans un angle de la pi\u00e8ce, les rendant elles aussi inutilisables par leur enveloppe en tissu. Cacher ces objets dans ces contenants en tissu rappelle \u00e9galement, selon elle, le fait que les personnes atteintes de cette maladie perdent leurs capacit\u00e9s \u00e0 r\u00e9aliser des actions tel que manger avec des couverts. En outre, rapport\u00e9 au cadre du lieu dans lequel se d\u00e9ployait cette installation, c\u2019est aussi, selon moi, le souvenir d\u2019un banquet pass\u00e9 qui a pu se d\u00e9rouler dans cet \u00e9difice qu\u2019il \u00e9tait possible d\u2019interpr\u00e9ter ; les acteurs absents se trouvant implicitement pr\u00e9sents dans la fresque qui couvre un pan de cette salle.<\/code><\/pre>\n\n\n\n<pre class=\"wp-block-verse is-style-text-subtitle\"><sup>1 Sauf indications contraires, les informations et les propos cit\u00e9s de l\u2019artiste proviennent de : EXERTIER, 2020, entretien t\u00e9l\u00e9phonique avec Emma Margiotta<\/sup><\/pre>\n<\/div>\n\n\n\n<figure class=\"wp-block-image size-full\"><img loading=\"lazy\" decoding=\"async\" width=\"2560\" height=\"1707\" src=\"http:\/\/elfiexertier.com\/wp-content\/uploads\/2026\/03\/r-IMG_6719-scaled.jpg\" alt=\"\" class=\"wp-image-164\" style=\"aspect-ratio:16\/9;object-fit:cover\" srcset=\"http:\/\/elfiexertier.com\/wp-content\/uploads\/2026\/03\/r-IMG_6719-scaled.jpg 2560w, http:\/\/elfiexertier.com\/wp-content\/uploads\/2026\/03\/r-IMG_6719-300x200.jpg 300w, http:\/\/elfiexertier.com\/wp-content\/uploads\/2026\/03\/r-IMG_6719-1024x683.jpg 1024w, http:\/\/elfiexertier.com\/wp-content\/uploads\/2026\/03\/r-IMG_6719-768x512.jpg 768w, http:\/\/elfiexertier.com\/wp-content\/uploads\/2026\/03\/r-IMG_6719-1536x1024.jpg 1536w, http:\/\/elfiexertier.com\/wp-content\/uploads\/2026\/03\/r-IMG_6719-2048x1365.jpg 2048w\" sizes=\"auto, (max-width: 2560px) 100vw, 2560px\" \/><\/figure>\n<\/div>\n\n\n\n<figure class=\"wp-block-image size-full\"><img loading=\"lazy\" decoding=\"async\" width=\"2560\" height=\"1707\" src=\"http:\/\/elfiexertier.com\/wp-content\/uploads\/2026\/03\/IMG_6334-scaled.jpg\" alt=\"\" class=\"wp-image-163\" style=\"aspect-ratio:3\/4;object-fit:cover\" srcset=\"http:\/\/elfiexertier.com\/wp-content\/uploads\/2026\/03\/IMG_6334-scaled.jpg 2560w, http:\/\/elfiexertier.com\/wp-content\/uploads\/2026\/03\/IMG_6334-300x200.jpg 300w, http:\/\/elfiexertier.com\/wp-content\/uploads\/2026\/03\/IMG_6334-1024x683.jpg 1024w, http:\/\/elfiexertier.com\/wp-content\/uploads\/2026\/03\/IMG_6334-768x512.jpg 768w, http:\/\/elfiexertier.com\/wp-content\/uploads\/2026\/03\/IMG_6334-1536x1024.jpg 1536w, http:\/\/elfiexertier.com\/wp-content\/uploads\/2026\/03\/IMG_6334-2048x1365.jpg 2048w\" sizes=\"auto, (max-width: 2560px) 100vw, 2560px\" \/><\/figure>\n\n\n<\/div>\n<\/div>\n","protected":false},"excerpt":{"rendered":"<p>Le banquet &amp; r\u00e9-activation Vues d&rsquo;exposition ch\u00e2teau d&rsquo;Alba la Romaine 2017 &amp; 2023 En effet, dans son processus pour entrer en contact avec les personnes souffrant d\u2019Alzheimer, Elfi Exertier avait fait des recherches sur des m\u00e9thodes de communications notamment par la gestuelle et les cinq sens. Ainsi, l\u2019installation pr\u00e9sent\u00e9e \u00e0 Alba \u00e9tait in\u00e9dite mais comportait [&hellip;]<\/p>\n","protected":false},"author":1,"featured_media":0,"parent":0,"menu_order":0,"comment_status":"closed","ping_status":"closed","template":"","meta":{"footnotes":""},"class_list":["post-116","page","type-page","status-publish","hentry"],"_links":{"self":[{"href":"http:\/\/elfiexertier.com\/index.php\/wp-json\/wp\/v2\/pages\/116","targetHints":{"allow":["GET"]}}],"collection":[{"href":"http:\/\/elfiexertier.com\/index.php\/wp-json\/wp\/v2\/pages"}],"about":[{"href":"http:\/\/elfiexertier.com\/index.php\/wp-json\/wp\/v2\/types\/page"}],"author":[{"embeddable":true,"href":"http:\/\/elfiexertier.com\/index.php\/wp-json\/wp\/v2\/users\/1"}],"replies":[{"embeddable":true,"href":"http:\/\/elfiexertier.com\/index.php\/wp-json\/wp\/v2\/comments?post=116"}],"version-history":[{"count":6,"href":"http:\/\/elfiexertier.com\/index.php\/wp-json\/wp\/v2\/pages\/116\/revisions"}],"predecessor-version":[{"id":268,"href":"http:\/\/elfiexertier.com\/index.php\/wp-json\/wp\/v2\/pages\/116\/revisions\/268"}],"wp:attachment":[{"href":"http:\/\/elfiexertier.com\/index.php\/wp-json\/wp\/v2\/media?parent=116"}],"curies":[{"name":"wp","href":"https:\/\/api.w.org\/{rel}","templated":true}]}}