{"id":150,"date":"2026-03-26T10:20:29","date_gmt":"2026-03-26T10:20:29","guid":{"rendered":"http:\/\/elfiexertier.com\/?page_id=150"},"modified":"2026-04-07T17:24:22","modified_gmt":"2026-04-07T17:24:22","slug":"gnomon","status":"publish","type":"page","link":"http:\/\/elfiexertier.com\/index.php\/gnomon\/","title":{"rendered":"gnomon"},"content":{"rendered":"\n<div class=\"wp-block-cover alignfull is-light has-custom-content-position is-position-bottom-center\" style=\"margin-top:0;margin-bottom:0;padding-top:var(--wp--preset--spacing--50);padding-right:var(--wp--preset--spacing--50);padding-bottom:var(--wp--preset--spacing--50);padding-left:var(--wp--preset--spacing--50);min-height:840px;aspect-ratio:unset;\"><img loading=\"lazy\" decoding=\"async\" width=\"1024\" height=\"683\" class=\"wp-block-cover__image-background wp-image-178 size-large\" alt=\"\" src=\"http:\/\/elfiexertier.com\/wp-content\/uploads\/2026\/03\/IMG_7808-1024x683.jpg\" data-object-fit=\"cover\" srcset=\"http:\/\/elfiexertier.com\/wp-content\/uploads\/2026\/03\/IMG_7808-1024x683.jpg 1024w, http:\/\/elfiexertier.com\/wp-content\/uploads\/2026\/03\/IMG_7808-300x200.jpg 300w, http:\/\/elfiexertier.com\/wp-content\/uploads\/2026\/03\/IMG_7808-768x512.jpg 768w, http:\/\/elfiexertier.com\/wp-content\/uploads\/2026\/03\/IMG_7808-1536x1024.jpg 1536w, http:\/\/elfiexertier.com\/wp-content\/uploads\/2026\/03\/IMG_7808-2048x1365.jpg 2048w\" sizes=\"auto, (max-width: 1024px) 100vw, 1024px\" \/><span aria-hidden=\"true\" class=\"wp-block-cover__background has-background-dim-10 has-background-dim\" style=\"background-color:#8f9093\"><\/span><div class=\"wp-block-cover__inner-container has-global-padding is-layout-constrained wp-container-core-cover-is-layout-d89aad35 wp-block-cover-is-layout-constrained\">\n<div class=\"wp-block-group alignwide has-global-padding is-content-justification-left is-layout-constrained wp-container-core-group-is-layout-12dd3699 wp-block-group-is-layout-constrained\">\n<h2 class=\"wp-block-heading has-text-align-left has-xx-large-font-size\"><\/h2>\n<\/div>\n<\/div><\/div>\n\n\n\n<div class=\"wp-block-group alignfull is-style-section-5 has-global-padding is-layout-constrained wp-block-group-is-layout-constrained is-style-section-5--1\" style=\"margin-top:0;margin-bottom:0;padding-top:var(--wp--preset--spacing--50);padding-bottom:var(--wp--preset--spacing--50)\">\n<div class=\"wp-block-columns alignwide is-layout-flex wp-container-core-columns-is-layout-7ee84d44 wp-block-columns-is-layout-flex\">\n<div class=\"wp-block-column is-vertically-aligned-center is-layout-flow wp-block-column-is-layout-flow\" style=\"flex-basis:50%\">\n<h2 class=\"wp-block-heading\">GNOMON<\/h2>\n\n\n\n<pre class=\"wp-block-verse\"><br><strong>Oeuvre dans l\u2019espace urbain, peinture au sol, dimensions variable<\/strong>, <strong>2023-2024 <\/strong><\/pre>\n\n\n\n<p class=\"has-medium-font-size\">Projet r\u00e9alis\u00e9 dans le cadre de la convention territoriale d\u2019\u00e9ducation artistique et culturelle de la communaut\u00e9 de communes du Rh\u00f4ne Aux Gorges de l\u2019Ard\u00e8che. En partenariat avec la mairie et les 3 \u00e9coles publiques de Bourg St And\u00e9ol.<\/p>\n<\/div>\n\n\n\n<div class=\"wp-block-column is-vertically-aligned-center is-layout-flow wp-block-column-is-layout-flow\" style=\"flex-basis:50%\">\n<figure class=\"wp-block-image size-full\"><img loading=\"lazy\" decoding=\"async\" width=\"1920\" height=\"2560\" src=\"http:\/\/elfiexertier.com\/wp-content\/uploads\/2026\/03\/IMG_20240402_174633-1-scaled.jpg\" alt=\"\" class=\"wp-image-182\" style=\"aspect-ratio:1;object-fit:cover\" srcset=\"http:\/\/elfiexertier.com\/wp-content\/uploads\/2026\/03\/IMG_20240402_174633-1-scaled.jpg 1920w, http:\/\/elfiexertier.com\/wp-content\/uploads\/2026\/03\/IMG_20240402_174633-1-225x300.jpg 225w, http:\/\/elfiexertier.com\/wp-content\/uploads\/2026\/03\/IMG_20240402_174633-1-768x1024.jpg 768w, http:\/\/elfiexertier.com\/wp-content\/uploads\/2026\/03\/IMG_20240402_174633-1-1152x1536.jpg 1152w, http:\/\/elfiexertier.com\/wp-content\/uploads\/2026\/03\/IMG_20240402_174633-1-1536x2048.jpg 1536w\" sizes=\"auto, (max-width: 1920px) 100vw, 1920px\" \/><\/figure>\n<\/div>\n<\/div>\n<\/div>\n\n\n\n<div class=\"wp-block-group alignfull has-global-padding is-layout-constrained wp-block-group-is-layout-constrained\" style=\"margin-top:0;margin-bottom:0\">\n<div class=\"wp-block-group alignwide is-layout-grid wp-container-core-group-is-layout-5fdb10e5 wp-block-group-is-layout-grid\" style=\"padding-top:var(--wp--preset--spacing--50);padding-bottom:var(--wp--preset--spacing--50)\">\n<div class=\"wp-block-group is-vertical is-content-justification-stretch is-nowrap is-layout-flex wp-container-core-group-is-layout-627337ab wp-block-group-is-layout-flex\">\n<div class=\"wp-block-group is-vertical is-content-justification-left is-layout-flex wp-container-core-group-is-layout-dd225191 wp-block-group-is-layout-flex\">\n<pre class=\"wp-block-code is-style-text-subtitle\"><code>On appelle \u00ab gnomon \u00bb, la tige, verticale ou non, qui projette son ombre sur un cadran solaire. Le terme vient du grec signifiant : \u00ab celui qui sait \u00bb.\n\nL\u2019interpr\u00e9tation des diverses positions de l\u2019extr\u00e9mit\u00e9 de l\u2019ombre d\u2019un grand gnomon permet de d\u00e9finir de nombreux param\u00e8tres li\u00e9s \u00e0 la course annuelle et journali\u00e8re du Soleil (instant de midi, ligne m\u00e9ridienne, points cardinaux, solstices et \u00e9quinoxes, dur\u00e9e de l\u2019ann\u00e9e). Les heures sont rep\u00e9rables sur un instrument d\u2019usage, constitu\u00e9 au d\u00e9part d\u2019un petit gnomon fix\u00e9 sur une table qui sera appel\u00e9 cadran solaire.Comment mesurer le temps ? Clepsydre, sablier, chronom\u00e8tre, calendrier, horloges sont pens\u00e9s pour se s\u00e9parer de l\u2019influence du soleil. En son absence comment faire ?\n\nCette oeuvre porte une r\u00e9flexion sur le comptage du temps, et sur l\u2019influence du soleil. Ces lignes sont un t\u00e9moignage du temps qui passe, du rythme des saisons, effectivement, chaque couleur annonce une saison.\nL\u2019ombre se placera dans son trac\u00e9 \u00e0 chaque solstice et \u00e9quinoxe \u00e0 venir. Ces alignement peuvent devenir un pr\u00e9texte \u00e0 organiser une f\u00eate. Je choisis de rendre \u00e0 la nature et au soleil leur importance.<\/code><\/pre>\n<\/div>\n\n\n\n<figure class=\"wp-block-image size-full\"><img loading=\"lazy\" decoding=\"async\" width=\"1920\" height=\"2560\" src=\"http:\/\/elfiexertier.com\/wp-content\/uploads\/2026\/03\/IMG_20240603_141317-scaled.jpg\" alt=\"\" class=\"wp-image-176\" style=\"aspect-ratio:16\/9;object-fit:cover\" srcset=\"http:\/\/elfiexertier.com\/wp-content\/uploads\/2026\/03\/IMG_20240603_141317-scaled.jpg 1920w, http:\/\/elfiexertier.com\/wp-content\/uploads\/2026\/03\/IMG_20240603_141317-225x300.jpg 225w, http:\/\/elfiexertier.com\/wp-content\/uploads\/2026\/03\/IMG_20240603_141317-768x1024.jpg 768w, http:\/\/elfiexertier.com\/wp-content\/uploads\/2026\/03\/IMG_20240603_141317-1152x1536.jpg 1152w, http:\/\/elfiexertier.com\/wp-content\/uploads\/2026\/03\/IMG_20240603_141317-1536x2048.jpg 1536w\" sizes=\"auto, (max-width: 1920px) 100vw, 1920px\" \/><\/figure>\n<\/div>\n\n\n\n<figure class=\"wp-block-image size-full\"><img loading=\"lazy\" decoding=\"async\" width=\"2560\" height=\"1920\" src=\"http:\/\/elfiexertier.com\/wp-content\/uploads\/2026\/03\/IMG_20231215_163122-scaled.jpg\" alt=\"\" class=\"wp-image-180\" style=\"aspect-ratio:3\/4;object-fit:cover\" srcset=\"http:\/\/elfiexertier.com\/wp-content\/uploads\/2026\/03\/IMG_20231215_163122-scaled.jpg 2560w, http:\/\/elfiexertier.com\/wp-content\/uploads\/2026\/03\/IMG_20231215_163122-300x225.jpg 300w, http:\/\/elfiexertier.com\/wp-content\/uploads\/2026\/03\/IMG_20231215_163122-1024x768.jpg 1024w, http:\/\/elfiexertier.com\/wp-content\/uploads\/2026\/03\/IMG_20231215_163122-768x576.jpg 768w, http:\/\/elfiexertier.com\/wp-content\/uploads\/2026\/03\/IMG_20231215_163122-1536x1152.jpg 1536w, http:\/\/elfiexertier.com\/wp-content\/uploads\/2026\/03\/IMG_20231215_163122-2048x1536.jpg 2048w\" sizes=\"auto, (max-width: 2560px) 100vw, 2560px\" \/><\/figure>\n<\/div>\n<\/div>\n\n\n\n<div class=\"wp-block-group alignfull has-global-padding is-layout-constrained wp-block-group-is-layout-constrained\" style=\"margin-top:0;margin-bottom:0\">\n<figure class=\"wp-block-image size-large\"><img loading=\"lazy\" decoding=\"async\" width=\"724\" height=\"1024\" src=\"http:\/\/elfiexertier.com\/wp-content\/uploads\/2026\/04\/logo-cteac-gnomon-1-724x1024.jpg\" alt=\"\" class=\"wp-image-290\" srcset=\"http:\/\/elfiexertier.com\/wp-content\/uploads\/2026\/04\/logo-cteac-gnomon-1-724x1024.jpg 724w, http:\/\/elfiexertier.com\/wp-content\/uploads\/2026\/04\/logo-cteac-gnomon-1-212x300.jpg 212w, http:\/\/elfiexertier.com\/wp-content\/uploads\/2026\/04\/logo-cteac-gnomon-1-768x1086.jpg 768w, http:\/\/elfiexertier.com\/wp-content\/uploads\/2026\/04\/logo-cteac-gnomon-1-1086x1536.jpg 1086w, http:\/\/elfiexertier.com\/wp-content\/uploads\/2026\/04\/logo-cteac-gnomon-1-1448x2048.jpg 1448w, http:\/\/elfiexertier.com\/wp-content\/uploads\/2026\/04\/logo-cteac-gnomon-1-scaled.jpg 1810w\" sizes=\"auto, (max-width: 724px) 100vw, 724px\" \/><\/figure>\n<\/div>\n\n\n\n<figure class=\"wp-block-image size-large\"><img loading=\"lazy\" decoding=\"async\" width=\"724\" height=\"1024\" src=\"http:\/\/elfiexertier.com\/wp-content\/uploads\/2026\/04\/logo-cteac-gnomon-724x1024.jpg\" alt=\"\" class=\"wp-image-287\" srcset=\"http:\/\/elfiexertier.com\/wp-content\/uploads\/2026\/04\/logo-cteac-gnomon-724x1024.jpg 724w, http:\/\/elfiexertier.com\/wp-content\/uploads\/2026\/04\/logo-cteac-gnomon-212x300.jpg 212w, http:\/\/elfiexertier.com\/wp-content\/uploads\/2026\/04\/logo-cteac-gnomon-768x1086.jpg 768w, http:\/\/elfiexertier.com\/wp-content\/uploads\/2026\/04\/logo-cteac-gnomon-1086x1536.jpg 1086w, http:\/\/elfiexertier.com\/wp-content\/uploads\/2026\/04\/logo-cteac-gnomon-1448x2048.jpg 1448w, http:\/\/elfiexertier.com\/wp-content\/uploads\/2026\/04\/logo-cteac-gnomon-scaled.jpg 1810w\" sizes=\"auto, (max-width: 724px) 100vw, 724px\" \/><\/figure>\n","protected":false},"excerpt":{"rendered":"<p>GNOMON Oeuvre dans l\u2019espace urbain, peinture au sol, dimensions variable, 2023-2024 Projet r\u00e9alis\u00e9 dans le cadre de la convention territoriale d\u2019\u00e9ducation artistique et culturelle de la communaut\u00e9 de communes du Rh\u00f4ne Aux Gorges de l\u2019Ard\u00e8che. En partenariat avec la mairie et les 3 \u00e9coles publiques de Bourg St And\u00e9ol.<\/p>\n","protected":false},"author":1,"featured_media":0,"parent":0,"menu_order":0,"comment_status":"closed","ping_status":"closed","template":"","meta":{"footnotes":""},"class_list":["post-150","page","type-page","status-publish","hentry"],"_links":{"self":[{"href":"http:\/\/elfiexertier.com\/index.php\/wp-json\/wp\/v2\/pages\/150","targetHints":{"allow":["GET"]}}],"collection":[{"href":"http:\/\/elfiexertier.com\/index.php\/wp-json\/wp\/v2\/pages"}],"about":[{"href":"http:\/\/elfiexertier.com\/index.php\/wp-json\/wp\/v2\/types\/page"}],"author":[{"embeddable":true,"href":"http:\/\/elfiexertier.com\/index.php\/wp-json\/wp\/v2\/users\/1"}],"replies":[{"embeddable":true,"href":"http:\/\/elfiexertier.com\/index.php\/wp-json\/wp\/v2\/comments?post=150"}],"version-history":[{"count":7,"href":"http:\/\/elfiexertier.com\/index.php\/wp-json\/wp\/v2\/pages\/150\/revisions"}],"predecessor-version":[{"id":292,"href":"http:\/\/elfiexertier.com\/index.php\/wp-json\/wp\/v2\/pages\/150\/revisions\/292"}],"wp:attachment":[{"href":"http:\/\/elfiexertier.com\/index.php\/wp-json\/wp\/v2\/media?parent=150"}],"curies":[{"name":"wp","href":"https:\/\/api.w.org\/{rel}","templated":true}]}}