{"id":230,"date":"2026-03-27T14:49:41","date_gmt":"2026-03-27T14:49:41","guid":{"rendered":"http:\/\/elfiexertier.com\/?page_id=230"},"modified":"2026-03-27T18:50:22","modified_gmt":"2026-03-27T18:50:22","slug":"texte","status":"publish","type":"page","link":"https:\/\/elfiexertier.com\/index.php\/texte\/","title":{"rendered":"texte"},"content":{"rendered":"\n<div class=\"wp-block-group alignfull is-style-section-2 has-global-padding is-layout-constrained wp-block-group-is-layout-constrained is-style-section-2--1\" style=\"margin-top:0;margin-bottom:0;padding-top:var(--wp--preset--spacing--60);padding-bottom:var(--wp--preset--spacing--60)\">\n<div class=\"wp-block-columns alignwide is-layout-flex wp-container-core-columns-is-layout-643ced6b wp-block-columns-is-layout-flex\">\n<div class=\"wp-block-column is-layout-flow wp-block-column-is-layout-flow\" style=\"flex-basis:40%\">\n<figure class=\"wp-block-image size-large\"><img loading=\"lazy\" decoding=\"async\" width=\"389\" height=\"550\" src=\"http:\/\/elfiexertier.com\/wp-content\/uploads\/2026\/03\/invitation-tresors-edited.jpg\" alt=\"\" class=\"wp-image-233\" srcset=\"https:\/\/elfiexertier.com\/wp-content\/uploads\/2026\/03\/invitation-tresors-edited.jpg 389w, https:\/\/elfiexertier.com\/wp-content\/uploads\/2026\/03\/invitation-tresors-edited-212x300.jpg 212w\" sizes=\"auto, (max-width: 389px) 100vw, 389px\" \/><\/figure>\n<\/div>\n\n\n\n<div class=\"wp-block-column is-vertically-aligned-center is-layout-flow wp-container-core-column-is-layout-119bc444 wp-block-column-is-layout-flow\" style=\"flex-basis:60%\">\n<h2 class=\"wp-block-heading has-xx-large-font-size\"> tr\u00e9sors<\/h2>\n\n\n\n<p>\u00c0 l\u2019atelier d\u2019\u00e9criture de l\u2019h\u00f4pital, il y a des stylos, des feuilles, des bouches qui parlent \u00e0 des oreilles qui tiennent des stylos qui courent sur des feuilles. Il y a des mots qui rentrent dans des stylos pour r\u00e9appara\u00eetre sur des feuilles. Il y a des mots et des silences. Il y a des photos qui rappellent pleins de souvenirs qui ne rappellent\u2026rien. Il y a des mots qui se taisent\u2026<\/p>\n\n\n\n<p>Il y a des photos qui r\u00e9veillent. Il y a le temps qui passe qui rencontre le pr\u00e9sent qui tiens, il \u00e9tait l\u00e0 celui-l\u00e0 ! Il y a des moments suspendus. Il y a des yeux qui brillent et des yeux qui s\u2019inqui\u00e8tent et cherchent dans la pi\u00e8ce des souvenirs \u00e9gar\u00e9s. Il y a des villes qui d\u00e9m\u00e9nagent. Il y a des enfants qui renaissent, des visages qui se rallument par des mots. Il y des chiffres, des nombres, des \u00e2ges en friche, des dates sombres, des tronches qui disent \u00aben un an il y a cent ans et cent ans c\u2019est le temps qui passe, le temps qui recule et le temps qui reprend l\u00e0 o\u00f9 il n\u2019en \u00e9tait pas\u00bb. Il y a l\u2019\u00e9t\u00e9 ou l\u2019hiver qui parfois succ\u00e8de \u00e0 l\u2019automne et parfois c\u2019est le printemps. Il y a des non qui s\u2019\u00e9chappent des photos pour un oui, pour un nom. Il y a des \u00abqui je suis quand j\u2019\u00e9tais ma petite fille\u00bb. Il y a des \u00abc\u2019est mon fils quand j\u2019avais cinq ans\u00bb. Partout, il y a des \u00abj\u2019\u00e9tais qui je suis\u00bb et des \u00abqui j\u2019\u00e9tais quand\u2026 j\u2019\u00e9tais qui ?\u00bb. Il y a la raison qui dit c\u2019est logique et la logique qui dit on s\u2019en fiche. Il y a des \u00abl\u2019ann\u00e9e derni\u00e8re, j\u2019irai chanter dans une chorale\u00bb et des \u00abdemain, je me suis baign\u00e9 dans la rivi\u00e8re\u00bb. Il y a des morts qui revivent parce qu\u2019en fait, il ne sont pas morts parce qu\u2019il y a le pass\u00e9 qui surgit l\u00e0 pr\u00e9sent parce que le pr\u00e9sent c\u2019est hier. Et puis il y a moi qui dit merci et qui dit aujourd\u2019hui c\u2019est d\u00e9j\u00e0 demain.<\/p>\n\n\n\n<p><br>Nicolas Bernard, 2025<\/p>\n\n\n\n<div class=\"wp-block-group is-vertical is-layout-flex wp-container-core-group-is-layout-41e20069 wp-block-group-is-layout-flex\">\n<h3 class=\"wp-block-heading has-small-font-size\" style=\"font-style:normal;font-weight:600;letter-spacing:1px;text-transform:uppercase\">exposition au cloitre de l&rsquo;hopital bsa en 2025, projet CTEAC<\/h3>\n<\/div>\n<\/div>\n<\/div>\n<\/div>\n\n\n\n<div class=\"wp-block-group alignfull is-style-section-5 has-global-padding is-layout-constrained wp-block-group-is-layout-constrained is-style-section-5--2\" style=\"margin-top:0;margin-bottom:0;padding-top:var(--wp--preset--spacing--50);padding-bottom:var(--wp--preset--spacing--50)\">\n<div class=\"wp-block-columns alignwide is-layout-flex wp-container-core-columns-is-layout-7ee84d44 wp-block-columns-is-layout-flex\">\n<div class=\"wp-block-column is-vertically-aligned-center is-layout-flow wp-block-column-is-layout-flow\" style=\"flex-basis:50%\">\n<h2 class=\"wp-block-heading\"><br>DANS L\u2019OMBRE DU TEMPS DES CHOSES : CES CHOSES DU TEMPS&#8230; <\/h2>\n\n\n\n<p class=\"has-medium-font-size\">Qui jadis ou hier encore s\u2019est tenu l\u00e0 ? Quels objets, quelles choses sollicitaient nos sens? Quelle pr\u00e9sence s\u2019offrait \u00e0 nous et maintenant ne para\u00eet plus, ne nous l\u00e8gue avec le temps que son empreinte, n\u2019en appelle qu\u2019\u00e0 nos souvenirs, nous laissant confront\u00e9s de force avec l\u2019absence, l\u2019envahissante pr\u00e9sence de l\u2019absence ?<\/p>\n\n\n\n<p class=\"has-medium-font-size\">Quand les choses sont l\u2019ombre d\u2019elles-m\u00eames, le fant\u00f4me d\u2019une relation sensible que nous n\u2019aurons plus avec elles sinon par la m\u00e9diation de leur image, leur trace s\u2019effa\u00e7ant avec le temps, que reste-t-il pour la m\u00e9moire sinon quelques fragments \u00e9pars, dispers\u00e9s au milieu d\u2019une for\u00eat sauvage de motifs de plus en plus abstraits ? Que sont devenus ce que certains recherchaient de compagnies voire d\u2019une \u00ab\u00e2me\u00bb en ces choses pour lesquelles nous savions inventer, cr\u00e9er contes et fables d\u2019un quotidien de vivre au-del\u00e0 de la seule utilit\u00e9. <\/p>\n\n\n\n<p class=\"has-medium-font-size\">A travers cette exposition-rencontre avec deux autres artistes (photographe, peintre) Elfi Exertier non seulement interroge la m\u00e9moire sensorielle mais elle met \u00e0 l\u2019\u00e9preuve notre gratitude \u00e0 l\u2019endroit de ces objets-choses qui en nos temps partag\u00e9s avec eux, ont su all\u00e9ger nos t\u00e2ches ou mieux encore nous soulager de multiples fardeaux sans oublier d\u2019\u00eatre dispos \u00e0 nos humeurs, nos sentiments quand les caprices du temps jouaient de toutes les p\u00e9rip\u00e9ties&#8230;<\/p>\n\n\n\n<p class=\"has-medium-font-size\">Selon une sc\u00e9nographie toute en r\u00e9sonance avec les autres \u0153uvres expos\u00e9es, l\u2019artiste propose avec ses \u00ab installations \u00bb, toute une dramaturgie de la convocation d\u2019empreintes visuelles, sonores avec la mati\u00e8re-temps de nos regards, nos \u00e9coutes, nos d\u00e9placements dans les espaces d\u2019exposition. Elle convoque notre pr\u00e9sence \u00e0 des disparus, (objets et choses). Elle interpelle notre mani\u00e8re de ressentir leur absence, de r\u00e9\u00e9crire depuis leurs traces, le sens profond des usages que nous en avions, notre raison d\u2019\u00eatre avec eux, parmi eux. Elle \u00e9labore enfin une cartographie de nos m\u00e9moires vives. <\/p>\n\n\n\n<p class=\"has-medium-font-size\">Les installations-convocations de l\u2019artiste se d\u00e9ploient depuis une table dress\u00e9e au pass\u00e9 de ses couverts jusqu\u2019au miroir r\u00e9fl\u00e9chi en son m\u00eame et autre, sans oublier de passer par la peinture des ombres de si\u00e8ges qui peut \u00eatre nous accueillirent jadis selon un corps \u00e0 corps chair-bois ou encore un peu plus loin dans l\u2019espace d\u2019exposition, \u00e0-travers une vid\u00e9o en boucle. On y voit la danse-farandole d\u2019objets usuels, (verres, capsules &#8230;) que nous faisions peut-\u00eatre, joyeusement tourner sur eux-m\u00eames comme des toupies depuis les temps ludiques de nos enfances. <\/p>\n\n\n\n<p class=\"has-medium-font-size\">Ainsi qu\u2019elle l\u2019a entrepris au long d\u2019une premi\u00e8re \u00e9tape de sa d\u00e9marche cr\u00e9atrice \u00e0 la rencontre des personnes \u00abd\u00e9sorient\u00e9es\u00bb (personnes souffrant de la maladie d\u2019alhzeimer), Elfi Exertier r\u00e9veille certes notre relation spirituelle, sensible \u00e0 la mat\u00e9rialit\u00e9 des objets disparus, mais plus encore depuis le temps des choses (leur dur\u00e9e d\u2019usage), elle en appelle ici, aux \u00abchoses du temps\u00bb : ses \u0153uvres de poussi\u00e8res et d\u2019ombres, ses impr\u00e9gnations des espaces, des esprits, des sensibilit\u00e9s qui laissent peu para\u00eetre en surface mais n\u2019en atteignent pas moins les grandes profondeurs, parfois jusqu\u2019aux ab\u00eemes de nos sensations. <\/p>\n\n\n\n<p class=\"has-medium-font-size\">Ce sont de nouveaux rendez-vous que nous ne manquerons plus, auxquels ces \u00abchoses du temps\u00bb nous invitent; ce sont des temps, instants qui ne nous \u00e9chapperont pas et gr\u00e2ce auxquels nous pourrons d\u00e9ployer les grandes sc\u00e8nes imaginaires de nos vies pass\u00e9es, pr\u00e9sentes, futures avec les objets, les espaces sonores, visuels mais aussi tous les mal per\u00e7us, les in-per\u00e7us au long de notre passage dans le temps.<\/p>\n\n\n\n<p class=\"has-medium-font-size\">De la r\u00e9miniscence au titre de laquelle nous accusons \u00e0 tort le temps de passer sur nous avec n\u00e9gligence, voire d\u00e9figuration, Elfi Exertier par ses empreintes-impr\u00e9gnations, nous fait passer le gu\u00e9 m\u00e9moire de tous les temps de nos pr\u00e9sences authentiques \u00e0 ce monde : lorsque choses et \u00eatres s\u2019animent de nos floraisons d\u2019\u00e2me. <\/p>\n\n\n\n<p class=\"has-medium-font-size\"><strong>Philippe Tancelin F\u00e9vrier 2023<\/strong><\/p>\n\n\n\n<h2 class=\"wp-block-heading has-medium-font-size\">exposition au ch\u00e2teau d&rsquo;Alba la Romaine en 2023<\/h2>\n\n\n\n<p><br><\/p>\n<\/div>\n\n\n\n<div class=\"wp-block-column is-vertically-aligned-center is-layout-flow wp-block-column-is-layout-flow\" style=\"flex-basis:50%\">\n<figure class=\"wp-block-image size-full\"><img loading=\"lazy\" decoding=\"async\" width=\"2560\" height=\"1600\" src=\"http:\/\/elfiexertier.com\/wp-content\/uploads\/2026\/03\/Capture-decran-2023-03-23-a-22.06.19-scaled.png\" alt=\"\" class=\"wp-image-236\" style=\"aspect-ratio:1;object-fit:cover\" srcset=\"https:\/\/elfiexertier.com\/wp-content\/uploads\/2026\/03\/Capture-decran-2023-03-23-a-22.06.19-scaled.png 2560w, https:\/\/elfiexertier.com\/wp-content\/uploads\/2026\/03\/Capture-decran-2023-03-23-a-22.06.19-300x188.png 300w, https:\/\/elfiexertier.com\/wp-content\/uploads\/2026\/03\/Capture-decran-2023-03-23-a-22.06.19-1024x640.png 1024w, https:\/\/elfiexertier.com\/wp-content\/uploads\/2026\/03\/Capture-decran-2023-03-23-a-22.06.19-768x480.png 768w, https:\/\/elfiexertier.com\/wp-content\/uploads\/2026\/03\/Capture-decran-2023-03-23-a-22.06.19-1536x960.png 1536w, https:\/\/elfiexertier.com\/wp-content\/uploads\/2026\/03\/Capture-decran-2023-03-23-a-22.06.19-2048x1280.png 2048w\" sizes=\"auto, (max-width: 2560px) 100vw, 2560px\" \/><\/figure>\n<\/div>\n<\/div>\n<\/div>\n\n\n\n<div class=\"wp-block-group alignfull is-style-section-1 has-global-padding is-layout-constrained wp-block-group-is-layout-constrained is-style-section-1--3\" style=\"margin-top:0;margin-bottom:0;padding-top:var(--wp--preset--spacing--80);padding-bottom:var(--wp--preset--spacing--80)\"><\/div>\n\n\n\n<div class=\"wp-block-group alignfull has-global-padding is-layout-constrained wp-container-core-group-is-layout-ebee8dc1 wp-block-group-is-layout-constrained\" style=\"margin-top:0;margin-bottom:0;padding-top:var(--wp--preset--spacing--50);padding-bottom:var(--wp--preset--spacing--50)\"><\/div>\n\n\n\n<aside class=\"wp-block-group alignfull is-style-section-3 has-global-padding is-layout-constrained wp-container-core-group-is-layout-f0f2a97b wp-block-group-is-layout-constrained is-style-section-3--4\" style=\"margin-top:0;margin-bottom:0;padding-top:var(--wp--preset--spacing--50);padding-right:var(--wp--preset--spacing--50);padding-bottom:var(--wp--preset--spacing--50);padding-left:var(--wp--preset--spacing--50)\">\n<div class=\"wp-block-group is-vertical is-content-justification-center is-layout-flex wp-container-core-group-is-layout-8778ca4a wp-block-group-is-layout-flex\" style=\"min-height:360px;margin-top:0;margin-bottom:0\">\n<h2 class=\"wp-block-heading has-text-align-center has-xx-large-font-size\"><br>L\u2019ART RELATiONNEL<\/h2>\n\n\n\n<p>Actuellement, nombre d\u2019entre nous sont confront\u00e9s \u00e0 cette maladie \u00e9trange : la maladie d\u2019Alzheimer. Si nous en entendons tous parler, nous ne savons pas exactement ce que c\u2019est. La maladie d\u2019Alzheimer fait peur.<br>Quelles images renvoie-t-elle cette maladie ?<\/p>\n\n\n\n<p>Pertes de m\u00e9moire, on perd la t\u00eate, troubles du comportement, folie&#8230; Tout devient incompr\u00e9hensible : celui ou celle que l\u2019on aimait, que l\u2019on connaissait pourtant si bien devient un inconnu avec des comportements \u00e9tranges.<\/p>\n\n\n\n<p>Si les pertes cognitives semblent irr\u00e9m\u00e9diables, si la m\u00e9moire, l\u2019histoire s\u2019effacent, alors que reste-t-il chez ces personnes pourtant si proches de nous ?<\/p>\n\n\n\n<p>Quel regard, quel accompagnement, quelle rencontre proposer \u00e0 ces personnes ?<\/p>\n\n\n\n<p>C\u2019est la question que s\u2019est pos\u00e9e Elfi Exertier, artiste designer et m\u00e9diatrice art contemporain \u00e0 la galerie du th\u00e9\u00e2tre de Privas. La performance de cette artiste a \u00e9t\u00e9 men\u00e9e sur 2 mois dans un secteur prot\u00e9g\u00e9 \u00e0 l\u2019h\u00f4pital intercommunal de Bourg Saint And\u00e9ol, en Ard\u00e8che.<br>Partir \u00e0 la rencontre de cette maladie \u00e0 travers les histoires et la sensibilit\u00e9 des patients, dans un lieu de prise en charge sp\u00e9cifique.<\/p>\n\n\n\n<p>La recherche artistique d\u2019Elfi Exertier porte sur le passage du rythme biologique au rythme des machines. L\u2019univers de cet artiste nous transporte dans la temporalit\u00e9 mise en sc\u00e8ne par des machine qui rythment, qui scandent, qui imposent un rythme \u00e0 l\u2019\u00eatre humain. Sa question, en int\u00e9grant une unit\u00e9 de soins pour patients alzheimer, portait sur les mouvements r\u00e9p\u00e9titifs ou comment le rythme du travail de toute une vie, demeure au-del\u00e0 des souvenirs.<\/p>\n\n\n\n<p>En effet, dans cette maladie \u00e9trange, les souvenirs s\u2019effacent, la parole dispara\u00eet, mais les gestes demeurent souvent tr\u00e8s longtemps (les gestes familiers concernant le travail par exemple).<\/p>\n\n\n\n<p>Ainsi, Elfi Exertier souhaitait rencontrer ces gestes, fabriquer ou retrouver les objets familiers qui pourraient ramener ces gestes dans le pr\u00e9sent. Elle est donc partie \u00e0 la rencontre des personnes \u00e2g\u00e9es en observant, en \u00e9coutant, en acceptant. Avec patience, la sensibilit\u00e9 des r\u00e9sidents s\u2019est d\u00e9voil\u00e9e. Elle a rencontr\u00e9 \u00e0 la fois une organisation relationnelle aux rythmes diff\u00e9rents (entre soignants et patients), mais surtout une porte d\u2019entr\u00e9e qui demeure toute la vie : celle des \u00e9motions.<\/p>\n\n\n\n<p>Naomi Feil, la psychologue am\u00e9ricaine sp\u00e9cialiste dans la prise en charge de cette maladie a mis au point une technique de communication sp\u00e9cifique bas\u00e9e sur l\u2019empathie et les \u00e9motions. Ne se situant pas dans le champ de la r\u00e9\u00e9ducation mais de l\u2019accompagnement, cette technique, la Validation\u00ae, permet aux patients de s\u2019exprimer, d\u2019exprimer leurs besoins, leurs ressources, d\u2019\u00eatre valoris\u00e9s, reconnus. C\u2019est ce qui manque beaucoup dans cette maladie, la reconnaissance de sa propre valeur, m\u00eame si l\u2019on est malade, m\u00eame si l\u2019on perd la m\u00e9moire. Etre reconnu apaise. La Validation\u00ae permet de retrouver du sens au comportement de chacun et ainsi de reconna\u00eetre l\u2019autre.<\/p>\n\n\n\n<p>Elfi Exertier s\u2019est inspir\u00e9e de ce point de vue pour \u00eatre en relation. Et si la relation devenait une \u0153uvre d\u2019art ? C\u2019est de la relation, des relations qui se sont \u00e9tablies pendant plusieurs semaines, que sont n\u00e9es des \u0153uvres d\u2019art \u00e9ph\u00e9m\u00e8res teint\u00e9es de relations. Comme si la relation, les \u00e9motions teintaient, coloraient l\u2019art.<br>La d\u00e9marche artistique d\u2019Elfi Exertier prend corps autour d\u2019ateliers : elle se met en sc\u00e8ne, monte un atelier couture, regarde des cartes routi\u00e8res, manipule des objets, du sable. Elle cr\u00e8e un lieu de travail et les r\u00e9sidents qui se sentent concern\u00e9s s\u2019approchent, participent : ils se laissent inspir\u00e9s par ce qu\u2019ils retrouvent.<\/p>\n\n\n\n<p>Comme ce vieux monsieur, ancien militaire atteint de cette maladie qui tout \u00e0 coup se remet \u00e0 lire pr\u00e9cis\u00e9ment une carte routi\u00e8re. Cette dame, dont nous ne connaissons pas l\u2019histoire, qui se m\u00eale \u00e0 la discussion et lit elle aussi cette carte. O\u00f9 sont les fonctions cognitives, o\u00f9 sont les \u00e9motions ?<\/p>\n\n\n\n<p>Les \u0153uvres \u00e9ph\u00e9m\u00e8res sont comme les relations, elles durent le temps de la pr\u00e9sence.<br>Se souvenir ? Le syst\u00e8me \u00e9motionnel se souvient, retrouve le chemin de la m\u00e9moire. C\u2019est l\u00e0 que l\u2019artiste, en parlant \u00e0 l\u2019\u00e9motion \u00e0 travers ses \u0153uvres \u00e9ph\u00e9m\u00e8res cr\u00e9\u00e9es avec les patients, fait rena\u00eetre en eux du plaisir, de la joie, des peines, des col\u00e8res qui viennent se montrer dans l\u2019\u0153uvre.<\/p>\n\n\n\n<p>Ainsi, la manipulation d\u2019objets, de tissus, de sable, devient un temps artistique, momentan\u00e9, car empreint de relation et d\u2019\u00e9motion.<\/p>\n\n\n\n<p>L\u2019\u0153uvre devient multiple : capable de faire revivre des \u00e9motions, et\/ou se cr\u00e9ant dans l\u2019\u00e9motion, aussi \u00e9ph\u00e9m\u00e8re qu\u2019une \u00e9motion.<\/p>\n\n\n\n<p>L\u2019oeuvre d\u2019Elfi Exertier nous montre la fugacit\u00e9 du temps qui passe, la fugacit\u00e9 des \u00e9motions et pourtant l\u2019authenticit\u00e9 de l\u2019\u00eatre humain qui s\u2019imprime dans cette \u0153uvre. Si le Land Art dure dans le temps et \u00e9volue avec le temps, l\u2019Art Relationnel se cr\u00e9e dans l\u2019\u00e9motion instantan\u00e9e. Et pourtant cet Art Relationnel, comme le Land Art, parle du temps qui passe, de la magie et de la beaut\u00e9 de ce temps.<\/p>\n\n\n\n<p>Oeuvrer avec des patients alzheimer, c\u2019est prendre les \u00e9motions dans l\u2019instant pr\u00e9sent, dans l\u2019intensit\u00e9 de l\u2019instant. L\u2019Art Relationnel devient un art du moment pr\u00e9sent. <\/p>\n\n\n\n<p>La performance d\u2019Elfi Exertier nous montre \u00e0 quel point les \u00e9motions sont riches et intactes malgr\u00e9 la maladie : ces proches que l\u2019on ne comprend plus redeviennent tout \u00e0 coup des \u00eatres d\u2019\u00e9motions, autrement dit, des \u00eatres humains avec du sens et de la sensibilit\u00e9 dans leur comportement. <\/p>\n\n\n\n<blockquote class=\"wp-block-quote is-layout-flow wp-block-quote-is-layout-flow\">\n<p>Texte de Fany Didelot<br>Psychologue praticienne, sp\u00e9cialis\u00e9e dans la prise en charge de la maladie d\u2019alzheimer, formatrice en validation de Naomi Feil,<br>Formatrice pour l\u2019agence de la biom\u00e9decine de Paris, aupr\u00e8s des m\u00e9decins et infirmiers \u00e0 l\u2019accompagnement des proches dans le cadre d\u2019un don d\u2019organes, questionnements \u00e9thiques et psychologiques.<\/p>\n<\/blockquote>\n\n\n\n<p class=\"has-text-align-center is-style-text-subtitle is-style-text-subtitle--5\"><\/p>\n\n\n\n<p class=\"has-text-align-center is-style-text-subtitle is-style-text-subtitle--6\"><\/p>\n\n\n\n<div class=\"wp-block-columns alignwide is-layout-flex wp-container-core-columns-is-layout-7ee84d44 wp-block-columns-is-layout-flex\">\n<div class=\"wp-block-column is-vertically-aligned-center is-layout-flow wp-block-column-is-layout-flow\" style=\"flex-basis:50%\">\n<p><\/p>\n\n\n\n<p><br><\/p>\n<\/div>\n\n\n\n<div class=\"wp-block-column is-vertically-aligned-center is-layout-flow wp-block-column-is-layout-flow\" style=\"flex-basis:50%\"><\/div>\n<\/div>\n<\/div>\n<\/aside>\n\n\n\n<p><\/p>\n","protected":false},"excerpt":{"rendered":"<p>tr\u00e9sors \u00c0 l\u2019atelier d\u2019\u00e9criture de l\u2019h\u00f4pital, il y a des stylos, des feuilles, des bouches qui parlent \u00e0 des oreilles qui tiennent des stylos qui courent sur des feuilles. Il y a des mots qui rentrent dans des stylos pour r\u00e9appara\u00eetre sur des feuilles. Il y a des mots et des silences. Il y a [&hellip;]<\/p>\n","protected":false},"author":1,"featured_media":0,"parent":0,"menu_order":0,"comment_status":"closed","ping_status":"closed","template":"","meta":{"footnotes":""},"class_list":["post-230","page","type-page","status-publish","hentry"],"_links":{"self":[{"href":"https:\/\/elfiexertier.com\/index.php\/wp-json\/wp\/v2\/pages\/230","targetHints":{"allow":["GET"]}}],"collection":[{"href":"https:\/\/elfiexertier.com\/index.php\/wp-json\/wp\/v2\/pages"}],"about":[{"href":"https:\/\/elfiexertier.com\/index.php\/wp-json\/wp\/v2\/types\/page"}],"author":[{"embeddable":true,"href":"https:\/\/elfiexertier.com\/index.php\/wp-json\/wp\/v2\/users\/1"}],"replies":[{"embeddable":true,"href":"https:\/\/elfiexertier.com\/index.php\/wp-json\/wp\/v2\/comments?post=230"}],"version-history":[{"count":9,"href":"https:\/\/elfiexertier.com\/index.php\/wp-json\/wp\/v2\/pages\/230\/revisions"}],"predecessor-version":[{"id":252,"href":"https:\/\/elfiexertier.com\/index.php\/wp-json\/wp\/v2\/pages\/230\/revisions\/252"}],"wp:attachment":[{"href":"https:\/\/elfiexertier.com\/index.php\/wp-json\/wp\/v2\/media?parent=230"}],"curies":[{"name":"wp","href":"https:\/\/api.w.org\/{rel}","templated":true}]}}